{"id":215,"date":"2017-12-21T14:50:52","date_gmt":"2017-12-21T13:50:52","guid":{"rendered":"http:\/\/www.hotel-zollamt.de\/?page_id=215"},"modified":"2020-09-28T13:00:18","modified_gmt":"2020-09-28T11:00:18","slug":"arrival","status":"publish","type":"page","link":"https:\/\/hotel-zollamt.de\/en\/arrival\/","title":{"rendered":"Arrival"},"content":{"rendered":"<h2>Many roads lead to Kaiserslautern.<\/h2>\n<p>You can travel to Kaiserslautern on the A 63 motorway to Mainz or on the A6 motorway from Mannheim or Saarbr\u00fccken.<\/p>\n<p>When you reach Kaiserslautern, please follow the signs to &#8220;Universit\u00e4t&#8221; or &#8220;Barbarossahalle&#8221;.<\/p>\n<h2 class=\"dark-red\">Modified traffic route from Mainz and Mannheim<\/h2>\n<p>At the end of Barbarossastra\u00dfe turn left to the underpass at the Elf-Freunde-Kreisel (direction Fritz-Walter-Stadion).<\/p>\n<p>In the traffic roundabout take the first exit and drive on the Zollamtstra\u00dfe. This is the fastest way to get to us.<\/p>\n<p class=\"p1\">We look forward to seeing you!<\/p>\n<h3>Parking<\/h3>\n<div id=\"container-content\">\n<p>Hotel and public parking spaces are available located directly at the hotel so you can reach the entrance hall easily and conveniently.<\/p>\n<h3>Charge<\/h3>\n<p>You arrive with an electric vehicle and want to charge it easily on site?\u00a0Use our hotel&#8217;s own charging station with two parking spaces with your charging card.<\/p>\n<\/div>\n","protected":false},"excerpt":{"rendered":"<p>Many roads lead to Kaiserslautern. You can travel to Kaiserslautern on the A 63 motorway to Mainz or on the A6 motorway from Mannheim or Saarbr\u00fccken. When you reach Kaiserslautern, please follow the signs to &#8220;Universit\u00e4t&#8221; or &#8220;Barbarossahalle&#8221;. Modified traffic route from Mainz and Mannheim At the end of Barbarossastra\u00dfe turn left to the underpass [&hellip;]<\/p>\n","protected":false},"author":1,"featured_media":323,"parent":0,"menu_order":0,"comment_status":"closed","ping_status":"closed","template":"","meta":{"footnotes":""},"class_list":["post-215","page","type-page","status-publish","has-post-thumbnail","hentry"],"_links":{"self":[{"href":"https:\/\/hotel-zollamt.de\/en\/wp-json\/wp\/v2\/pages\/215","targetHints":{"allow":["GET"]}}],"collection":[{"href":"https:\/\/hotel-zollamt.de\/en\/wp-json\/wp\/v2\/pages"}],"about":[{"href":"https:\/\/hotel-zollamt.de\/en\/wp-json\/wp\/v2\/types\/page"}],"author":[{"embeddable":true,"href":"https:\/\/hotel-zollamt.de\/en\/wp-json\/wp\/v2\/users\/1"}],"replies":[{"embeddable":true,"href":"https:\/\/hotel-zollamt.de\/en\/wp-json\/wp\/v2\/comments?post=215"}],"version-history":[{"count":5,"href":"https:\/\/hotel-zollamt.de\/en\/wp-json\/wp\/v2\/pages\/215\/revisions"}],"predecessor-version":[{"id":318,"href":"https:\/\/hotel-zollamt.de\/en\/wp-json\/wp\/v2\/pages\/215\/revisions\/318"}],"wp:featuredmedia":[{"embeddable":true,"href":"https:\/\/hotel-zollamt.de\/en\/wp-json\/wp\/v2\/media\/323"}],"wp:attachment":[{"href":"https:\/\/hotel-zollamt.de\/en\/wp-json\/wp\/v2\/media?parent=215"}],"curies":[{"name":"wp","href":"https:\/\/api.w.org\/{rel}","templated":true}]}}